{"id":971,"date":"2023-04-27T20:33:17","date_gmt":"2023-04-27T23:33:17","guid":{"rendered":"https:\/\/ifdcortazar-crr.infd.edu.ar\/sitio\/?page_id=971"},"modified":"2025-02-23T17:10:37","modified_gmt":"2025-02-23T20:10:37","slug":"carreras","status":"publish","type":"page","link":"https:\/\/ifdcortazar-crr.infd.edu.ar\/sitio\/carreras\/","title":{"rendered":"Carreras"},"content":{"rendered":"\n<p>Profesorado en Educaci\u00f3n Primaria<\/p>\n\n\n\n<p>Profesorado de Educaci\u00f3n Secundaria en Inform\u00e1tica.<\/p>\n\n\n\n<p>Profesorado en Educaci\u00f3n Especial con Orientaci\u00f3n en Discapacidad Intelectual<\/p>\n\n\n\n<p>Tecnicatura Superior en Enfermer\u00eda<\/p>\n\n\n\n<p>Tecnicatura Superior en Gastronom\u00eda<\/p>\n","protected":false},"excerpt":{"rendered":"<p>Profesorado en Educaci\u00f3n Primaria Profesorado de Educaci\u00f3n Secundaria en Inform\u00e1tica. Profesorado en Educaci\u00f3n Especial con Orientaci\u00f3n en Discapacidad Intelectual Tecnicatura Superior en Enfermer\u00eda Tecnicatura Superior en Gastronom\u00eda<\/p>\n","protected":false},"author":115,"featured_media":0,"parent":0,"menu_order":0,"comment_status":"closed","ping_status":"closed","template":"","meta":[],"acf":[],"_links":{"self":[{"href":"https:\/\/ifdcortazar-crr.infd.edu.ar\/sitio\/wp-json\/wp\/v2\/pages\/971"}],"collection":[{"href":"https:\/\/ifdcortazar-crr.infd.edu.ar\/sitio\/wp-json\/wp\/v2\/pages"}],"about":[{"href":"https:\/\/ifdcortazar-crr.infd.edu.ar\/sitio\/wp-json\/wp\/v2\/types\/page"}],"author":[{"embeddable":true,"href":"https:\/\/ifdcortazar-crr.infd.edu.ar\/sitio\/wp-json\/wp\/v2\/users\/115"}],"replies":[{"embeddable":true,"href":"https:\/\/ifdcortazar-crr.infd.edu.ar\/sitio\/wp-json\/wp\/v2\/comments?post=971"}],"version-history":[{"count":2,"href":"https:\/\/ifdcortazar-crr.infd.edu.ar\/sitio\/wp-json\/wp\/v2\/pages\/971\/revisions"}],"predecessor-version":[{"id":1026,"href":"https:\/\/ifdcortazar-crr.infd.edu.ar\/sitio\/wp-json\/wp\/v2\/pages\/971\/revisions\/1026"}],"wp:attachment":[{"href":"https:\/\/ifdcortazar-crr.infd.edu.ar\/sitio\/wp-json\/wp\/v2\/media?parent=971"}],"curies":[{"name":"wp","href":"https:\/\/api.w.org\/{rel}","templated":true}]}}