{"id":964,"date":"2023-04-24T22:04:24","date_gmt":"2023-04-25T01:04:24","guid":{"rendered":"https:\/\/ifdcortazar-crr.infd.edu.ar\/sitio\/?page_id=964"},"modified":"2023-04-25T20:52:23","modified_gmt":"2023-04-25T23:52:23","slug":"plan-de-estudio","status":"publish","type":"page","link":"https:\/\/ifdcortazar-crr.infd.edu.ar\/sitio\/plan-de-estudio\/","title":{"rendered":"PLAN DE ESTUDIO TECNICATURA SUPERIOR EN ENFERMER\u00cdA"},"content":{"rendered":"\n<p>TECNICATURA SUPERIOR EN ENFERMER\u00cdA<\/p>\n\n\n\n<figure class=\"wp-block-table\"><table><tbody><tr><td><strong>PRIMER A\u00d1O<\/strong><\/td><td><\/td><td><\/td><td><\/td><\/tr><tr><td>Salud p\u00fablica, estado y sociedad<\/td><td>*<\/td><td><\/td><td><\/td><\/tr><tr><td>Morfofisiolog\u00eda din\u00e1mica<\/td><td><\/td><td><\/td><td>*<\/td><\/tr><tr><td>Bases f\u00edsico-qu\u00edmicas<\/td><td><\/td><td><\/td><td>*<\/td><\/tr><tr><td>Aspectos psico-socio-culturales del desarrollo<\/td><td>*<\/td><td><\/td><td><\/td><\/tr><tr><td>Fundamentos de enfermer\u00eda<\/td><td><\/td><td><\/td><td>*<\/td><\/tr><tr><td>Problem\u00e1tica sociocultural y del mundo del Trabajo<\/td><td><\/td><td>*<\/td><td><\/td><\/tr><tr><td>Cultura y comunicaci\u00f3n contempor\u00e1nea<\/td><td><\/td><td>*<\/td><td><\/td><\/tr><tr><td>Enfermer\u00eda comunitaria<\/td><td><\/td><td><\/td><td>*<\/td><\/tr><tr><td>Pr\u00e1ctica Profesional Integrada I<\/td><td><\/td><td><\/td><td>*<\/td><\/tr><tr><td><strong>SEGUNDO A\u00d1O<\/strong><\/td><td><\/td><td><\/td><td><\/td><\/tr><tr><td>Psicolog\u00eda Social e Institucional<\/td><td>*<\/td><td><\/td><td><\/td><\/tr><tr><td>Microbiolog\u00eda<\/td><td><\/td><td><\/td><td><\/td><\/tr><tr><td>Metodolog\u00eda de la Investigaci\u00f3n &#8211; acci\u00f3n<\/td><td>*<\/td><td><\/td><td><\/td><\/tr><tr><td>Nutrici\u00f3n y Dietoterapia<\/td><td>*<\/td><td><\/td><td><\/td><\/tr><tr><td>Enfermer\u00eda del adulto<\/td><td><\/td><td><\/td><td>*<\/td><\/tr><tr><td>Epidemiolog\u00eda y Bioestad\u00edstica<\/td><td><\/td><td>*<\/td><td><\/td><\/tr><tr><td>Educaci\u00f3n para la salud<\/td><td><\/td><td>*<\/td><td><\/td><\/tr><tr><td>Enfermer\u00eda del adulto mayor<\/td><td><\/td><td>*<\/td><td><\/td><\/tr><tr><td>Pr\u00e1ctica Profesional Integrada II<\/td><td><\/td><td><\/td><td>*<\/td><\/tr><tr><td><strong>TERCER A\u00d1O<\/strong><\/td><td><\/td><td><\/td><td><\/td><\/tr><tr><td>Ingl\u00e9s T\u00e9cnico<\/td><td>*<\/td><td><\/td><td><\/td><\/tr><tr><td>Inform\u00e1tica Aplicada<\/td><td>*<\/td><td><\/td><td><\/td><\/tr><tr><td>\u00c9tica y Legislaci\u00f3n Profesional<\/td><td>*<\/td><td><\/td><td><\/td><\/tr><tr><td>Enfermer\u00eda de la Salud Mental y Psiqui\u00e1trica<\/td><td>*<\/td><td><\/td><td><\/td><\/tr><tr><td>Enfermer\u00eda Materno &#8211; Infantil<\/td><td><\/td><td><\/td><td>*<\/td><\/tr><tr><td>Seminario &#8211; Taller Cuidados Cr\u00edticos y Emergentolog\u00eda<\/td><td><\/td><td><\/td><td>*<\/td><\/tr><tr><td>Gesti\u00f3n y Autogesti\u00f3n en Enfermer\u00eda<\/td><td><\/td><td>*<\/td><td><\/td><\/tr><tr><td>Guaran\u00ed<\/td><td><\/td><td>*<\/td><td><\/td><\/tr><tr><td>Enfermer\u00eda Infanto &#8211; Juvenil<\/td><td><\/td><td><\/td><td>*<\/td><\/tr><tr><td>Pr\u00e1ctica Profesional Integrada III<\/td><td><\/td><td><\/td><td>*<\/td><\/tr><tr><td><\/td><td><\/td><td><\/td><td><\/td><\/tr><tr><td><\/td><td><\/td><td><\/td><td><\/td><\/tr><\/tbody><\/table><\/figure>\n","protected":false},"excerpt":{"rendered":"<p>TECNICATURA SUPERIOR EN ENFERMER\u00cdA PRIMER A\u00d1O Salud p\u00fablica, estado y sociedad * Morfofisiolog\u00eda din\u00e1mica * Bases f\u00edsico-qu\u00edmicas * Aspectos psico-socio-culturales del desarrollo * Fundamentos de enfermer\u00eda * Problem\u00e1tica sociocultural y del mundo del Trabajo * Cultura y comunicaci\u00f3n contempor\u00e1nea * Enfermer\u00eda comunitaria * Pr\u00e1ctica Profesional Integrada I * SEGUNDO A\u00d1O Psicolog\u00eda Social e Institucional * &#8230; <a title=\"PLAN DE ESTUDIO TECNICATURA SUPERIOR EN ENFERMER\u00cdA\" class=\"read-more\" href=\"https:\/\/ifdcortazar-crr.infd.edu.ar\/sitio\/plan-de-estudio\/\" aria-label=\"More on PLAN DE ESTUDIO TECNICATURA SUPERIOR EN ENFERMER\u00cdA\">[+]<\/a><\/p>\n","protected":false},"author":115,"featured_media":0,"parent":0,"menu_order":0,"comment_status":"closed","ping_status":"closed","template":"","meta":[],"acf":[],"_links":{"self":[{"href":"https:\/\/ifdcortazar-crr.infd.edu.ar\/sitio\/wp-json\/wp\/v2\/pages\/964"}],"collection":[{"href":"https:\/\/ifdcortazar-crr.infd.edu.ar\/sitio\/wp-json\/wp\/v2\/pages"}],"about":[{"href":"https:\/\/ifdcortazar-crr.infd.edu.ar\/sitio\/wp-json\/wp\/v2\/types\/page"}],"author":[{"embeddable":true,"href":"https:\/\/ifdcortazar-crr.infd.edu.ar\/sitio\/wp-json\/wp\/v2\/users\/115"}],"replies":[{"embeddable":true,"href":"https:\/\/ifdcortazar-crr.infd.edu.ar\/sitio\/wp-json\/wp\/v2\/comments?post=964"}],"version-history":[{"count":2,"href":"https:\/\/ifdcortazar-crr.infd.edu.ar\/sitio\/wp-json\/wp\/v2\/pages\/964\/revisions"}],"predecessor-version":[{"id":970,"href":"https:\/\/ifdcortazar-crr.infd.edu.ar\/sitio\/wp-json\/wp\/v2\/pages\/964\/revisions\/970"}],"wp:attachment":[{"href":"https:\/\/ifdcortazar-crr.infd.edu.ar\/sitio\/wp-json\/wp\/v2\/media?parent=964"}],"curies":[{"name":"wp","href":"https:\/\/api.w.org\/{rel}","templated":true}]}}