{"id":808,"date":"2018-08-30T12:32:01","date_gmt":"2018-08-30T15:32:01","guid":{"rendered":"https:\/\/ifdcortazar-crr.infd.edu.ar\/sitio\/autoridades\/"},"modified":"2025-07-29T21:10:31","modified_gmt":"2025-07-30T00:10:31","slug":"autoridades","status":"publish","type":"page","link":"https:\/\/ifdcortazar-crr.infd.edu.ar\/sitio\/autoridades\/","title":{"rendered":"Autoridades"},"content":{"rendered":"\n<p><em><strong>Autoridades del Instituto<\/strong><\/em><\/p>\n\n\n\n<p><em><strong>Rector:&nbsp;<\/strong>Prof. Otto Guillermo Mart\u00edn Guelardi.<\/em><\/p>\n\n\n\n<p><em><strong>Secretaria Acad\u00e9mica:<\/strong> Prof. Teresa Lorena Salm\u00f3n.<\/em><\/p>\n\n\n\n<p><em><strong>Secretaria Administrativa:<\/strong> Prof. Nahir Romero.<\/em><\/p>\n\n\n\n<p><\/p>\n\n\n\n<p><strong><em>Coordinadores de Carreras<\/em>:<\/strong><\/p>\n\n\n\n<p><strong>Profesorado en Educaci\u00f3n Primaria:<\/strong>  Prof. Ledezma Gustavo<\/p>\n\n\n\n<p><strong>Profesorado en Educaci\u00f3n Especial con Orientaci\u00f3n en Discapacidad Intelectual:<\/strong> Prof. Rosal\u00eda Casc\u00f3n.<\/p>\n\n\n\n<p><strong>Profesorado de Educaci\u00f3n Secundaria en Inform\u00e1tica:<\/strong> <\/p>\n\n\n\n<p><strong>Tecnicatura Superior en Enfermer\u00eda:<\/strong> Prof. Viviana Varela.<\/p>\n\n\n\n<p><strong>Tecnicatura Superior en Gastronom\u00eda:<\/strong> Prof. Javier Lugo.<\/p>\n\n\n\n<p><\/p>\n\n\n\n<p><em><strong>Coordinadores:<\/strong><\/em><\/p>\n\n\n\n<p><em><strong>Investigaci\u00f3n:<\/strong> Prof. Mar\u00eda Laura G\u00f3mez<\/em><\/p>\n\n\n\n<p><strong>Formaci\u00f3n Inicial:<\/strong> Prof. Fernanda Aguirre Barrios<\/p>\n\n\n\n<p><strong>Formaci\u00f3n Continua:<\/strong> Prof. Elisa Franco P\u00e1ez.<\/p>\n\n\n\n<p><strong>Pol\u00edticas Estudiantiles CIPE:<\/strong> Prof. Gabriela Alejandra Romero.<\/p>\n\n\n\n<p><strong>APE:<\/strong> Prof. Rosa Cerd\u00e1n.<\/p>\n\n\n\n<p> <\/p>\n","protected":false},"excerpt":{"rendered":"<p>Autoridades del Instituto Rector:&nbsp;Prof. Otto Guillermo Mart\u00edn Guelardi. Secretaria Acad\u00e9mica: Prof. Teresa Lorena Salm\u00f3n. Secretaria Administrativa: Prof. Nahir Romero. Coordinadores de Carreras: Profesorado en Educaci\u00f3n Primaria: Prof. Ledezma Gustavo Profesorado en Educaci\u00f3n Especial con Orientaci\u00f3n en Discapacidad Intelectual: Prof. Rosal\u00eda Casc\u00f3n. Profesorado de Educaci\u00f3n Secundaria en Inform\u00e1tica: Tecnicatura Superior en Enfermer\u00eda: Prof. Viviana Varela. Tecnicatura &#8230; <a title=\"Autoridades\" class=\"read-more\" href=\"https:\/\/ifdcortazar-crr.infd.edu.ar\/sitio\/autoridades\/\" aria-label=\"More on Autoridades\">[+]<\/a><\/p>\n","protected":false},"author":139,"featured_media":0,"parent":0,"menu_order":0,"comment_status":"closed","ping_status":"closed","template":"","meta":[],"acf":[],"_links":{"self":[{"href":"https:\/\/ifdcortazar-crr.infd.edu.ar\/sitio\/wp-json\/wp\/v2\/pages\/808"}],"collection":[{"href":"https:\/\/ifdcortazar-crr.infd.edu.ar\/sitio\/wp-json\/wp\/v2\/pages"}],"about":[{"href":"https:\/\/ifdcortazar-crr.infd.edu.ar\/sitio\/wp-json\/wp\/v2\/types\/page"}],"author":[{"embeddable":true,"href":"https:\/\/ifdcortazar-crr.infd.edu.ar\/sitio\/wp-json\/wp\/v2\/users\/139"}],"replies":[{"embeddable":true,"href":"https:\/\/ifdcortazar-crr.infd.edu.ar\/sitio\/wp-json\/wp\/v2\/comments?post=808"}],"version-history":[{"count":5,"href":"https:\/\/ifdcortazar-crr.infd.edu.ar\/sitio\/wp-json\/wp\/v2\/pages\/808\/revisions"}],"predecessor-version":[{"id":1030,"href":"https:\/\/ifdcortazar-crr.infd.edu.ar\/sitio\/wp-json\/wp\/v2\/pages\/808\/revisions\/1030"}],"wp:attachment":[{"href":"https:\/\/ifdcortazar-crr.infd.edu.ar\/sitio\/wp-json\/wp\/v2\/media?parent=808"}],"curies":[{"name":"wp","href":"https:\/\/api.w.org\/{rel}","templated":true}]}}