{"id":804,"date":"2018-08-30T12:31:59","date_gmt":"2018-08-30T15:31:59","guid":{"rendered":"https:\/\/ifdcortazar-crr.infd.edu.ar\/sitio\/plan-de-estudios-2\/"},"modified":"2023-04-19T18:50:59","modified_gmt":"2023-04-19T21:50:59","slug":"plan-de-estudios-2","status":"publish","type":"page","link":"https:\/\/ifdcortazar-crr.infd.edu.ar\/sitio\/plan-de-estudios-2\/","title":{"rendered":"Plan de estudios P.E.P."},"content":{"rendered":"\n<ul>\n<li><span style=\"font-size: small;\">Profesorado en Educaci\u00f3n Primaria<\/span><\/li>\n<\/ul>\n\n\n\n<figure class=\"wp-block-table\"><table><tbody><tr><td><strong>&nbsp;Primer a\u00f1o&nbsp;<\/strong><\/td><td><strong>&nbsp;Anual<\/strong><\/td><td><strong>1<sup>er <\/sup>cuat.<\/strong><\/td><td><strong>2<sup>o<\/sup> cuat.<\/strong><\/td><\/tr><tr><td>Pedagog\u00eda<\/td><td>*<\/td><td>&nbsp;<\/td><td>&nbsp;<\/td><\/tr><tr><td>Psicolog\u00eda Educacional<\/td><td>&nbsp;<\/td><td>*&nbsp;<\/td><td>&nbsp;<\/td><\/tr><tr><td>Did\u00e1ctica General<\/td><td>*<\/td><td>&nbsp;<\/td><td>&nbsp;<\/td><\/tr><tr><td>Literatura y Escritura Acad\u00e9mica<\/td><td>*<\/td><td>&nbsp;<\/td><td>&nbsp;<\/td><\/tr><tr><td>Lengua y Literatura<\/td><td><\/td><td>&nbsp;<\/td><td>\u00a0*<\/td><\/tr><tr><td>Matem\u00e1tica<\/td><td>&nbsp;<\/td><td>&nbsp;<\/td><td>*&nbsp;<\/td><\/tr><tr><td>Ciencias Sociales<\/td><td>&nbsp;<\/td><td>&nbsp;<\/td><td>*<\/td><\/tr><tr><td>Ciencias Naturales<\/td><td>&nbsp;*<\/td><td>&nbsp;<\/td><td>&nbsp;<\/td><\/tr><tr><td>Practica docente I: M\u00e9todos y t\u00e9cnicas de recolecci\u00f3n \/ Instituciones Educativas<\/td><td>\u00a0*<\/td><td>\u00a0<\/td><td>&nbsp;<\/td><\/tr><tr><td><\/td><td>&nbsp;<\/td><td>\u2022<\/td><td>&nbsp;<\/td><\/tr><tr><td>&nbsp;<\/td><td>&nbsp;<\/td><td>&nbsp;<\/td><td>&nbsp;<\/td><\/tr><tr><td>&nbsp;<\/td><td>&nbsp;<\/td><td>&nbsp;<\/td><td>&nbsp;<\/td><\/tr><tr><td>&nbsp;<\/td><td>&nbsp;<\/td><td>&nbsp;<\/td><td>&nbsp;<\/td><\/tr><tr><td><strong>Segundo a\u00f1o<\/strong><\/td><td><strong>Anual<\/strong><\/td><td><strong>1<sup>er <\/sup>cuat.<\/strong><\/td><td><strong>2<sup>o<\/sup> cuat.<\/strong><\/td><\/tr><tr><td>\u00a0Tecnolog\u00eda de la Informaci\u00f3n y la Comunicaci\u00f3n<\/td><td><\/td><td>\u00a0*<\/td><td>&nbsp;<\/td><\/tr><tr><td>Historia Argentina y Latinoamericana<\/td><td><\/td><td>\u00a0*<\/td><td>&nbsp;<\/td><\/tr><tr><td>\u00a0Historia y pol\u00edtica de la Educaci\u00f3n Argentina<\/td><td><\/td><td>\u00a0<\/td><td>\u00a0*<\/td><\/tr><tr><td>\u00a0Filosof\u00eda<\/td><td><\/td><td>&nbsp;<\/td><td>\u00a0*<\/td><\/tr><tr><td>\u00a0Ense\u00f1anza de la Lengua y Literatura<\/td><td>*<\/td><td>&nbsp;<\/td><td>&nbsp;<\/td><\/tr><tr><td>\u00a0Ense\u00f1anza de la Matem\u00e1tica<\/td><td>*<\/td><td>&nbsp;<\/td><td>&nbsp;<\/td><\/tr><tr><td>Sujeto de la Educaci\u00f3n Primaria<\/td><td>\u00a0*<\/td><td>\u2022<\/td><td>&nbsp;<\/td><\/tr><tr><td>Pr\u00e1ctica Docente II: Programaci\u00f3n de la ense\u00f1anza \/ Curriculum y organizaciones escolares<\/td><td>&nbsp;<\/td><td>&nbsp;<\/td><td><\/td><\/tr><tr><td>Educaci\u00f3n sexual integral<\/td><td>&nbsp;<\/td><td>\u2022<\/td><td>&nbsp;<\/td><\/tr><tr><td>&nbsp;Practica Docente II: Programaci\u00f3n de la ense\u00f1anza\/curriculum y organizaciones escolares<\/td><td>&nbsp;<\/td><td>&nbsp;<\/td><td>\u2022<\/td><\/tr><tr><td>&nbsp;<\/td><td>&nbsp;<\/td><td>&nbsp;<\/td><td>&nbsp;<\/td><\/tr><tr><td>&nbsp;<\/td><td>&nbsp;<\/td><td>&nbsp;<\/td><td>&nbsp;<\/td><\/tr><tr><td>&nbsp;<strong>Tercer A\u00f1o<\/strong><\/td><td><strong>Anual<\/strong><\/td><td><strong>1<sup>er <\/sup>cuat.<\/strong><\/td><td><strong>2<sup>o<\/sup> cuat.<\/strong>&nbsp;<\/td><\/tr><tr><td>&nbsp;Filosof\u00eda de le Educaci\u00f3n<\/td><td>&nbsp;<\/td><td>*&nbsp;<\/td><td>&nbsp;<\/td><\/tr><tr><td>Tecnolog\u00eda de la Informaci\u00f3n y la Comunicaci\u00f3n<\/td><td>*<\/td><td>&nbsp;<\/td><td>&nbsp;<\/td><\/tr><tr><td>&nbsp;Ciencias Sociales y su Tratamiento Did\u00e1ctico<\/td><td>&nbsp;<\/td><td>*&nbsp;<\/td><td>&nbsp;<\/td><\/tr><tr><td>&nbsp;Ciencias Naturales y su tratamiento Did\u00e1ctico<\/td><td>*<\/td><td>&nbsp;<\/td><td>&nbsp;<\/td><\/tr><tr><td>&nbsp;Problem\u00e1tica Contempor\u00e1nea de la Educaci\u00f3n Especial<\/td><td>*<\/td><td>&nbsp;<\/td><td>&nbsp;<\/td><\/tr><tr><td>&nbsp;Abordajes P\u00ebdag\u00f3gicos en sujetos con discapacidad Intelectual<\/td><td>*<\/td><td>&nbsp;<\/td><td>&nbsp;<\/td><\/tr><tr><td>&nbsp;Elaboraci\u00f3n de Materia did\u00e1ctico Adaptado<\/td><td>&nbsp;<\/td><td>&nbsp;<\/td><td>*&nbsp;<\/td><\/tr><tr><td>&nbsp;Alfabetizaci\u00f3n Inicial<\/td><td>&nbsp;<\/td><td>&nbsp;*<\/td><td>&nbsp;<\/td><\/tr><tr><td>Practica Docente III: Coordinaci\u00f3n de grupos de aprendizajes \/ evaluaci\u00f3n de los aprendizajes<\/td><td>&nbsp;<\/td><td>*<\/td><td>&nbsp;<\/td><\/tr><tr><td>&nbsp;<\/td><td>&nbsp;<\/td><td>&nbsp;<\/td><td>&nbsp;<\/td><\/tr><tr><td>&nbsp;<\/td><td>&nbsp;<\/td><td>&nbsp;<\/td><td>&nbsp;<\/td><\/tr><tr><td>&nbsp;<\/td><td>&nbsp;<\/td><td>&nbsp;<\/td><td>&nbsp;<\/td><\/tr><tr><td>&nbsp;<strong>Cuarto A\u00f1o<\/strong><\/td><td><strong>Anual<\/strong>&nbsp;<\/td><td><strong>1<sup>er <\/sup>cuat.<\/strong><\/td><td>&nbsp;<strong>2<sup>o<\/sup> cuat.<\/strong><\/td><\/tr><tr><td>\u00c9tica Y Ciudadan\u00eda<\/td><td>&nbsp;<\/td><td>&nbsp;<\/td><td>*<\/td><\/tr><tr><td>Tecnolog\u00eda de la informaci\u00f3n y la comunicaci\u00f3n en la ense\u00f1anza<\/td><td>&nbsp;<\/td><td>*<\/td><td>&nbsp;<\/td><\/tr><tr><td>Lenguajes art\u00edsticos en sujetos con discapacidad intelectual<\/td><td>*<\/td><td>&nbsp;<\/td><td>&nbsp;<\/td><\/tr><tr><td>Educaci\u00f3n del adulto y habilitaci\u00f3n ocupacional<\/td><td>&nbsp;<\/td><td>*<\/td><td>&nbsp;<\/td><\/tr><tr><td>Integraci\u00f3n Escolar&nbsp;<\/td><td>&nbsp;<\/td><td>&nbsp;<\/td><td>*&nbsp;<\/td><\/tr><tr><td>E.D.I.<\/td><td>&nbsp;<\/td><td>*<\/td><td>&nbsp;<\/td><\/tr><tr><td>E.D.I.<\/td><td>&nbsp;<\/td><td>&nbsp;<\/td><td>*&nbsp;<\/td><\/tr><tr><td>Residencia pedag\u00f3gica: Sistematizaci\u00f3n de experiencias<\/td><td>*<\/td><td>&nbsp;<\/td><td>&nbsp;<\/td><\/tr><tr><td>&nbsp;<\/td><td>&nbsp;<\/td><td>&nbsp;<\/td><td>&nbsp;<\/td><\/tr><tr><td>&nbsp;<\/td><td>&nbsp;<\/td><td>&nbsp;<\/td><td>&nbsp;<\/td><\/tr><tr><td>&nbsp;<\/td><td>&nbsp;<\/td><td>&nbsp;<\/td><td>&nbsp;<\/td><\/tr><tr><td>&nbsp;<\/td><td>&nbsp;<\/td><td>&nbsp;<\/td><td>&nbsp;<\/td><\/tr><tr><td>&nbsp;<\/td><td>&nbsp;<\/td><td>&nbsp;<\/td><td>&nbsp;<\/td><\/tr><\/tbody><\/table><\/figure>\n","protected":false},"excerpt":{"rendered":"<p>&nbsp;Primer a\u00f1o&nbsp; &nbsp;Anual 1er cuat. 2o cuat. Pedagog\u00eda * &nbsp; &nbsp; Psicolog\u00eda Educacional &nbsp; *&nbsp; &nbsp; Did\u00e1ctica General * &nbsp; &nbsp; Literatura y Escritura Acad\u00e9mica * &nbsp; &nbsp; Lengua y Literatura &nbsp; \u00a0* Matem\u00e1tica &nbsp; &nbsp; *&nbsp; Ciencias Sociales &nbsp; &nbsp; * Ciencias Naturales &nbsp;* &nbsp; &nbsp; Practica docente I: M\u00e9todos y t\u00e9cnicas de recolecci\u00f3n &#8230; <a title=\"Plan de estudios P.E.P.\" class=\"read-more\" href=\"https:\/\/ifdcortazar-crr.infd.edu.ar\/sitio\/plan-de-estudios-2\/\" aria-label=\"More on Plan de estudios P.E.P.\">[+]<\/a><\/p>\n","protected":false},"author":139,"featured_media":0,"parent":0,"menu_order":0,"comment_status":"closed","ping_status":"closed","template":"","meta":[],"acf":[],"_links":{"self":[{"href":"https:\/\/ifdcortazar-crr.infd.edu.ar\/sitio\/wp-json\/wp\/v2\/pages\/804"}],"collection":[{"href":"https:\/\/ifdcortazar-crr.infd.edu.ar\/sitio\/wp-json\/wp\/v2\/pages"}],"about":[{"href":"https:\/\/ifdcortazar-crr.infd.edu.ar\/sitio\/wp-json\/wp\/v2\/types\/page"}],"author":[{"embeddable":true,"href":"https:\/\/ifdcortazar-crr.infd.edu.ar\/sitio\/wp-json\/wp\/v2\/users\/139"}],"replies":[{"embeddable":true,"href":"https:\/\/ifdcortazar-crr.infd.edu.ar\/sitio\/wp-json\/wp\/v2\/comments?post=804"}],"version-history":[{"count":3,"href":"https:\/\/ifdcortazar-crr.infd.edu.ar\/sitio\/wp-json\/wp\/v2\/pages\/804\/revisions"}],"predecessor-version":[{"id":954,"href":"https:\/\/ifdcortazar-crr.infd.edu.ar\/sitio\/wp-json\/wp\/v2\/pages\/804\/revisions\/954"}],"wp:attachment":[{"href":"https:\/\/ifdcortazar-crr.infd.edu.ar\/sitio\/wp-json\/wp\/v2\/media?parent=804"}],"curies":[{"name":"wp","href":"https:\/\/api.w.org\/{rel}","templated":true}]}}