{"id":798,"date":"2018-08-30T12:31:57","date_gmt":"2018-08-30T15:31:57","guid":{"rendered":"https:\/\/ifdcortazar-crr.infd.edu.ar\/sitio\/docentes\/"},"modified":"2023-04-11T21:34:55","modified_gmt":"2023-04-12T00:34:55","slug":"docentes","status":"publish","type":"page","link":"https:\/\/ifdcortazar-crr.infd.edu.ar\/sitio\/docentes\/","title":{"rendered":"Docentes"},"content":{"rendered":"<p>PROFESORADOS<\/p>\n<table style=\"border: #5090b0 1px solid;\" border=\"1\" width=\"90%\" cellspacing=\"0\" cellpadding=\"0\" align=\"center\">\n<tbody>\n<tr align=\"center\" valign=\"middle\">\n<td style=\"width: 45%; height: 20px; background-color: #ddeaf0; border: #5090b0 1px solid;\" align=\"center\" valign=\"middle\"><span style=\"font-size: 10pt;\"><span style=\"font-family: verdana, geneva;\"><span style=\"color: #3e748e;\"><strong>Espacio Curricular\u00a0<\/strong><\/span><\/span><\/span><\/td>\n<td style=\"width: 45%; height: 20px; background-color: #ddeaf0; border: #5090b0 1px solid;\" align=\"center\" valign=\"middle\"><span style=\"font-size: 10pt;\"><span style=\"color: #3e748e; font-family: verdana, geneva;\"><strong>Docente\u00a0<\/strong><\/span><\/span><\/td>\n<\/tr>\n<tr align=\"center\" valign=\"middle\">\n<td style=\"width: 45%; height: 20px; border: #5090b0 1px solid;\" align=\"center\" valign=\"middle\"><span style=\"font-family: arial, helvetica, sans-serif; font-size: 10pt;\">-Psicolog\u00eda Educacional<\/span><\/p>\n<p><span style=\"font-family: arial, helvetica, sans-serif; font-size: 10pt;\">-Sujeto de la Educaci\u00f3n Primaria<\/span><\/p>\n<p><span style=\"font-family: arial, helvetica, sans-serif; font-size: 10pt;\"> -Filosof\u00eda<\/span><\/td>\n<td style=\"width: 45%; height: 20px; border: #5090b0 1px solid;\" align=\"center\" valign=\"middle\"><span style=\"font-family: arial, helvetica, sans-serif; font-size: 10pt;\">Laura Mar\u00eda G\u00e1mez<\/span><\/p>\n<p>Camila Monz\u00f3n<\/p>\n<p>Mar\u00eda del Carmen Sosa<\/td>\n<\/tr>\n<tr>\n<td style=\"width: 45%; height: 20px; border: #5090b0 1px solid;\" align=\"center\" valign=\"middle\"><span style=\"font-family: arial, helvetica, sans-serif; font-size: 10pt;\">-Lenguajes Art\u00edsticos Integrados\u00a0<\/span><\/td>\n<td style=\"width: 45%; height: 20px; border: #5090b0 1px solid;\" align=\"center\" valign=\"middle\"><span style=\"font-family: arial, helvetica, sans-serif; font-size: 10pt;\">Hugo Benitez<\/span><\/td>\n<\/tr>\n<tr>\n<td style=\"width: 45%; height: 20px; border: #5090b0 1px solid;\" align=\"center\" valign=\"middle\"><span style=\"font-family: arial, helvetica, sans-serif; font-size: 10pt;\">\u00a0<\/span><\/td>\n<td style=\"width: 45%; height: 20px; border: #5090b0 1px solid;\" align=\"center\" valign=\"middle\"><\/td>\n<\/tr>\n<tr>\n<td style=\"width: 45%; height: 20px; border: #5090b0 1px solid;\" align=\"center\" valign=\"middle\"><span style=\"font-family: arial, helvetica, sans-serif; font-size: 10pt;\">-Lectura y Escritura Acad\u00e9mica<br \/>\n<\/span><\/td>\n<td style=\"width: 45%; height: 20px; border: #5090b0 1px solid;\" align=\"center\" valign=\"middle\"><span style=\"font-family: arial, helvetica, sans-serif; font-size: 10pt;\">Carlos Alejandro Pioli<\/span><\/td>\n<\/tr>\n<tr>\n<td style=\"width: 45%; height: 20px; border: #5090b0 1px solid;\" align=\"center\" valign=\"middle\"><span style=\"font-family: arial, helvetica, sans-serif; font-size: 10pt;\">-Pr\u00e1ctica Docente I<br \/>\n<\/span><\/td>\n<td style=\"width: 45%; height: 20px; border: #5090b0 1px solid;\" align=\"center\" valign=\"middle\"><span style=\"font-family: arial, helvetica, sans-serif; font-size: 10pt;\">Mar\u00eda del Carmen Sosa<\/span><\/td>\n<\/tr>\n<tr>\n<td style=\"width: 45%; height: 20px; border: #5090b0 1px solid;\" align=\"center\" valign=\"middle\">\n<p><span style=\"font-family: arial, helvetica, sans-serif; font-size: 10pt;\">-Ciencias Sociales<\/span><\/p>\n<p><span style=\"font-family: arial, helvetica, sans-serif; font-size: 10pt;\"> -Historia Argentina y Latinoamericana\u00a0<\/span><\/td>\n<td style=\"width: 45%; height: 20px; border: #5090b0 1px solid;\" align=\"center\" valign=\"middle\">\n<p><span style=\"font-family: arial, helvetica, sans-serif; font-size: 10pt;\">Gustavo Javier Ledesma<\/span><\/td>\n<\/tr>\n<tr>\n<td style=\"width: 45%; height: 20px; border: #5090b0 1px solid;\" align=\"center\" valign=\"middle\"><span style=\"font-family: arial, helvetica, sans-serif; font-size: 10pt;\">\u00a0-Ciencias Naturales<br \/>\n-Ense\u00f1anza de las Ciencias Naturales<\/span><\/td>\n<td style=\"width: 45%; height: 20px; border: #5090b0 1px solid;\" align=\"center\" valign=\"middle\"><span style=\"font-family: arial, helvetica, sans-serif; font-size: 10pt;\">Brenda Dur\u00e1n<\/span><\/td>\n<\/tr>\n<tr>\n<td style=\"width: 45%; height: 20px; border: #5090b0 1px solid;\" align=\"center\" valign=\"middle\"><span style=\"font-family: arial, helvetica, sans-serif; font-size: 10pt;\">-Tecnolog\u00eda de la Informaci\u00f3n y la Comunicaci\u00f3n\u00a0\u00a0<\/span><\/td>\n<td style=\"width: 45%; height: 20px; border: #5090b0 1px solid;\" align=\"center\" valign=\"middle\"><span style=\"font-family: arial, helvetica, sans-serif; font-size: 10pt;\">Otto Guillermo Mart\u00edn Guelardi<\/span><\/td>\n<\/tr>\n<tr>\n<td style=\"width: 45%; height: 20px; border: #5090b0 1px solid;\" align=\"center\" valign=\"middle\">\n<p><span style=\"font-family: arial, helvetica, sans-serif; font-size: 10pt;\">-Lengua y Literatura<\/span><\/p>\n<p><span style=\"font-family: arial, helvetica, sans-serif; font-size: 10pt;\">-Ense\u00f1anza de la Lengua y Literatura<\/span><\/p>\n<p><span style=\"font-family: arial, helvetica, sans-serif; font-size: 10pt;\"> -Alfabetizaci\u00f3n Inicial\u00a0<\/span><\/td>\n<td style=\"width: 45%; height: 20px; border: #5090b0 1px solid;\" align=\"center\" valign=\"middle\"><span style=\"font-family: arial, helvetica, sans-serif; font-size: 10pt;\">Pioli Carlos Alejandro<\/span><\/p>\n<p>Elena Chaparro<\/td>\n<\/tr>\n<tr>\n<td style=\"width: 45%; height: 20px; border: #5090b0 1px solid;\" align=\"center\" valign=\"middle\"><span style=\"font-family: verdana, geneva; font-size: 10pt;\">-Ense\u00f1anza del Lenguaje Musical\u00a0<\/span><\/td>\n<td style=\"width: 45%; height: 20px; border: #5090b0 1px solid;\" align=\"center\" valign=\"middle\">\n<p>Hugo Ben\u00edtez<\/td>\n<\/tr>\n<tr>\n<td style=\"width: 45%; height: 20px; border: #5090b0 1px solid;\" align=\"center\" valign=\"middle\"><span style=\"font-family: verdana, geneva; font-size: 10pt;\">-Lengua extranjera (Ingl\u00e9s)\u00a0<\/span><\/td>\n<td style=\"width: 45%; height: 20px; border: #5090b0 1px solid;\" align=\"center\" valign=\"middle\"><span style=\"font-family: verdana, geneva; font-size: 10pt;\">\u00a0Lorena Acevedo<\/span><\/td>\n<\/tr>\n<tr>\n<td style=\"width: 45%; height: 20px; border: #5090b0 1px solid;\" align=\"center\" valign=\"middle\"><span style=\"font-family: verdana, geneva; font-size: 10pt;\">\u00a0-Lectura y Escritura Acad\u00e9mica\u00a0 (PEP)<\/span><\/td>\n<td style=\"width: 45%; height: 20px; border: #5090b0 1px solid;\" align=\"center\" valign=\"middle\"><span style=\"font-family: verdana, geneva; font-size: 10pt;\">\u00a0Pioli, Carlos Alejandro<\/span><\/td>\n<\/tr>\n<tr>\n<td style=\"width: 45%; height: 20px; border: #5090b0 1px solid;\" align=\"center\" valign=\"middle\"><\/td>\n<td style=\"width: 45%; height: 20px; border: #5090b0 1px solid;\" align=\"center\" valign=\"middle\"><\/td>\n<\/tr>\n<tr>\n<td style=\"width: 45%; height: 20px; border: #5090b0 1px solid;\" align=\"center\" valign=\"middle\"><span style=\"font-family: verdana, geneva; font-size: 10pt;\">\u00a0 <span style=\"font-size: 10pt;\">-Sociolog\u00eda<\/span> <\/span><\/p>\n<p>-Pr\u00e1ctica Docente II<\/p>\n<p>-Pedagog\u00eda<\/td>\n<td style=\"width: 45%; height: 20px; border: #5090b0 1px solid;\" align=\"center\" valign=\"middle\"><span style=\"font-family: verdana, geneva; font-size: 10pt;\">Fernanda Aguirre Barrios<\/span><\/p>\n<p>Mar\u00eda del Carmen sosa<\/p>\n<p>Andrea Marturet<\/td>\n<\/tr>\n<tr>\n<td style=\"width: 45%; height: 20px; border: #5090b0 1px solid;\" align=\"center\" valign=\"middle\"><span style=\"font-family: verdana, geneva; font-size: 10pt;\"><span style=\"font-size: 10pt;\">-Pr\u00e1ctica Docente III<\/span><br \/>\n-Residencia Pedag\u00f3gica<\/span><\/td>\n<td style=\"width: 45%; height: 20px; border: #5090b0 1px solid;\" align=\"center\" valign=\"middle\"><span style=\"font-family: verdana, geneva; font-size: 10pt;\">Mar\u00eda del Carmen Sosa\u00a0<\/span><\/td>\n<\/tr>\n<tr>\n<td style=\"width: 45%; height: 20px; border: #5090b0 1px solid;\" align=\"center\" valign=\"middle\">\n<p>-Ense\u00f1anza del Lenguaje Corporal<\/p>\n<p>-Educaci\u00f3n F\u00edsica<span style=\"font-size: 10pt;\">\u00a0<\/span><\/td>\n<td style=\"width: 45%; height: 20px; border: #5090b0 1px solid;\" align=\"center\" valign=\"middle\">\n<p>\u00c1ngel Alcides<span style=\"font-size: 10pt;\"> Romero<\/span><\/td>\n<\/tr>\n<tr>\n<td style=\"width: 45%; height: 20px; border: #5090b0 1px solid;\" align=\"center\" valign=\"middle\"><\/td>\n<td style=\"width: 45%; height: 20px; border: #5090b0 1px solid;\" align=\"center\" valign=\"middle\"><\/td>\n<\/tr>\n<tr>\n<td style=\"width: 45%; height: 20px; border: #5090b0 1px solid;\" align=\"center\" valign=\"middle\"><span style=\"font-family: verdana, geneva; font-size: 10pt;\"><span style=\"font-size: 10pt;\">-Matem\u00e1tica<\/span><br \/>\n-Ense\u00f1anza de la Matem\u00e1tica<\/span><\/td>\n<td style=\"width: 45%; height: 20px; border: #5090b0 1px solid;\" align=\"center\" valign=\"middle\"><span style=\"font-family: verdana, geneva; font-size: 10pt;\">Teodoro Daniel, zabala<\/span><\/td>\n<\/tr>\n<tr>\n<td style=\"width: 45%; height: 20px; border: #5090b0 1px solid;\" align=\"center\" valign=\"middle\"><span style=\"font-family: verdana, geneva; font-size: 10pt;\">\u00a0<\/span><\/td>\n<td style=\"width: 45%; height: 20px; border: #5090b0 1px solid;\" align=\"center\" valign=\"middle\"><\/td>\n<\/tr>\n<tr>\n<td style=\"width: 45%; height: 20px; border: #5090b0 1px solid;\" align=\"center\" valign=\"middle\"><\/td>\n<td style=\"width: 45%; height: 20px; border: #5090b0 1px solid;\" align=\"center\" valign=\"middle\"><\/td>\n<\/tr>\n<tr>\n<td style=\"width: 45%; height: 20px; border: #5090b0 1px solid;\" align=\"center\" valign=\"middle\"><\/td>\n<td style=\"width: 45%; height: 20px; border: #5090b0 1px solid;\" align=\"center\" valign=\"middle\"><\/td>\n<\/tr>\n<\/tbody>\n<\/table>\n<p><span style=\"font-family: 'book antiqua', palatino; font-size: 12pt;\">CARRERA T\u00c9CNICA<\/span><\/p>\n<table border=\"1\" cellspacing=\"0\" cellpadding=\"0\">\n<tbody>\n<tr>\n<td style=\"text-align: center;\" valign=\"top\" width=\"273\"><span style=\"font-family: 'book antiqua', palatino; font-size: 12pt;\">1-Acevedo, Fernando Mart\u00edn<\/span><\/td>\n<td style=\"text-align: center;\" valign=\"top\" width=\"329\"><span style=\"font-family: 'book antiqua', palatino; font-size: 12pt;\">-Econom\u00eda y comercializaci\u00f3n<\/span><\/td>\n<\/tr>\n<tr>\n<td style=\"text-align: center;\" valign=\"top\" width=\"273\"><span style=\"font-family: 'book antiqua', palatino; font-size: 12pt;\">2-Acevedo Flores, Leandro M.<\/span><\/td>\n<td style=\"text-align: center;\" valign=\"top\" width=\"329\"><span style=\"font-family: 'book antiqua', palatino; font-size: 12pt;\">-Pol\u00edtica y Legislaci\u00f3n Agropecuaria<\/span><\/td>\n<\/tr>\n<tr>\n<td style=\"text-align: center;\" valign=\"top\" width=\"273\"><span style=\"font-family: 'book antiqua', palatino; font-size: 12pt;\">3-Esparza, Gregorio Luis<\/span><\/td>\n<td style=\"text-align: center;\" valign=\"top\" width=\"329\"><span style=\"font-family: 'book antiqua', palatino; font-size: 12pt;\">-Pr\u00e1ctica Agr\u00edcola-ganadera<\/span><\/p>\n<p><span style=\"font-family: 'book antiqua', palatino; font-size: 12pt;\">-El medio desde un enfoque sociol\u00f3gico<\/span><\/td>\n<\/tr>\n<tr>\n<td style=\"text-align: center;\" valign=\"top\" width=\"273\"><span style=\"font-family: 'book antiqua', palatino; font-size: 12pt;\">4-Giorgi, Enzo Jes\u00fas<\/span><\/td>\n<td style=\"text-align: center;\" valign=\"top\" width=\"329\"><span style=\"font-family: 'book antiqua', palatino; font-size: 12pt;\">-Morfo-fisiolog\u00eda animal<\/span><\/p>\n<p><span style=\"font-family: 'book antiqua', palatino; font-size: 12pt;\">-Producci\u00f3n animal<\/span><\/td>\n<\/tr>\n<tr>\n<td style=\"text-align: center;\" valign=\"top\" width=\"273\"><span style=\"font-family: 'book antiqua', palatino; font-size: 12pt;\">5-Guelardi, Otto Guillermo Mart\u00edn<\/span><\/td>\n<td style=\"text-align: center;\" valign=\"top\" width=\"329\"><span style=\"font-family: 'book antiqua', palatino; font-size: 12pt;\">-Introducci\u00f3n a la Inform\u00e1tica<\/span><\/td>\n<\/tr>\n<tr>\n<td style=\"text-align: center;\" valign=\"top\" width=\"273\"><span style=\"font-family: 'book antiqua', palatino; font-size: 12pt;\">6-Magneago, Pablo Ariel<\/span><\/td>\n<td style=\"text-align: center;\" valign=\"top\" width=\"329\"><span style=\"font-family: 'book antiqua', palatino; font-size: 12pt;\">-Formulaci\u00f3n y evaluaci\u00f3n de Proyectos<\/span><\/p>\n<p><span style=\"font-family: 'book antiqua', palatino; font-size: 12pt;\">-Gesti\u00f3n de equipos<\/span><\/td>\n<\/tr>\n<tr>\n<td style=\"text-align: center;\" valign=\"top\" width=\"273\"><span style=\"font-family: 'book antiqua', palatino; font-size: 12pt;\">7-P\u00e9rez, Roberto Javier<\/span><\/td>\n<td style=\"text-align: center;\" valign=\"top\" width=\"329\"><span style=\"font-family: 'book antiqua', palatino; font-size: 12pt;\">-Ingl\u00e9s t\u00e9cnico<\/span><\/td>\n<\/tr>\n<tr>\n<td style=\"text-align: center;\" valign=\"top\" width=\"273\"><span style=\"font-family: 'book antiqua', palatino; font-size: 12pt;\">8-Soto Oca, Mar\u00eda Elena<\/span><\/td>\n<td style=\"text-align: center;\" valign=\"top\" width=\"329\"><span style=\"font-family: 'book antiqua', palatino; font-size: 12pt;\">-Sustentabilidad y conservaci\u00f3n<\/span><\/td>\n<\/tr>\n<tr>\n<td style=\"text-align: center;\" valign=\"top\" width=\"273\"><span style=\"font-family: 'book antiqua', palatino; font-size: 12pt;\">9-Wree, Nidia<\/span><\/td>\n<td style=\"text-align: center;\" valign=\"top\" width=\"329\"><span style=\"font-family: 'book antiqua', palatino; font-size: 12pt;\">-F\u00edsica y Qu\u00edmica<\/span><\/td>\n<\/tr>\n<tr>\n<td style=\"text-align: center;\" valign=\"top\" width=\"273\"><span style=\"font-family: 'book antiqua', palatino; font-size: 12pt;\">10-Salm\u00f3n, Teresa Lorena<\/span><\/td>\n<td style=\"text-align: center;\" valign=\"top\" width=\"329\"><span style=\"font-family: 'book antiqua', palatino; font-size: 12pt;\">-\u00c9tica<\/span><\/td>\n<\/tr>\n<\/tbody>\n<\/table>\n<p><span style=\"font-family: 'book antiqua', palatino; font-size: 12pt;\">POST\u00cdTULO<\/span><\/p>\n<table border=\"1\" cellspacing=\"0\" cellpadding=\"0\">\n<tbody>\n<tr>\n<td style=\"text-align: center;\" valign=\"top\" width=\"299\"><span style=\"font-family: 'book antiqua', palatino; font-size: 12pt;\">1-Ben\u00edtez, N\u00e9lida<\/span><\/td>\n<td style=\"text-align: center;\" valign=\"top\" width=\"299\"><span style=\"font-family: 'book antiqua', palatino; font-size: 12pt;\">-Sujeto de la Educaci\u00f3n Primaria<\/span><\/td>\n<\/tr>\n<tr>\n<td style=\"text-align: center;\" valign=\"top\" width=\"299\"><span style=\"font-family: 'book antiqua', palatino; font-size: 12pt;\">2-Chocr\u00f3n, Marcos A.<\/span><\/td>\n<td style=\"text-align: center;\" valign=\"top\" width=\"299\"><span style=\"font-family: 'book antiqua', palatino; font-size: 12pt;\">-Mediaci\u00f3n Escolar<\/span><\/td>\n<\/tr>\n<tr>\n<td style=\"text-align: center;\" valign=\"top\" width=\"299\"><span style=\"font-family: 'book antiqua', palatino; font-size: 12pt;\">3-Gonz\u00e1lez, Pablo E.<\/span><\/td>\n<td style=\"text-align: center;\" valign=\"top\" width=\"299\"><span style=\"font-family: 'book antiqua', palatino; font-size: 12pt;\">-Teor\u00eda del\u00a0 Conflicto<\/span><\/p>\n<p><span style=\"font-family: 'book antiqua', palatino; font-size: 12pt;\">-Resoluci\u00f3n del Conflicto<\/span><\/p>\n<p><span style=\"font-family: 'book antiqua', palatino; font-size: 12pt;\">-Proyecto Final<\/span><\/td>\n<\/tr>\n<tr>\n<td style=\"text-align: center;\" valign=\"top\" width=\"299\"><span style=\"font-family: 'book antiqua', palatino; font-size: 12pt;\">4-Giuduci, Mar\u00eda del Rosario<\/span><\/td>\n<td style=\"text-align: center;\" valign=\"top\" width=\"299\"><span style=\"font-family: 'book antiqua', palatino; font-size: 12pt;\">-Mediaci\u00f3n en las Instituciones<\/span><\/td>\n<\/tr>\n<tr>\n<td style=\"text-align: center;\" valign=\"top\" width=\"299\"><span style=\"font-family: 'book antiqua', palatino; font-size: 12pt;\">5-Salm\u00f3n, Teresa Lorena<\/span><\/td>\n<td style=\"text-align: center;\" valign=\"top\" width=\"299\"><span style=\"font-family: 'book antiqua', palatino; font-size: 12pt;\">-Introducci\u00f3n a la Investigaci\u00f3n Educativa<\/span><\/td>\n<\/tr>\n<\/tbody>\n<\/table>\n","protected":false},"excerpt":{"rendered":"<p>PROFESORADOS Espacio Curricular\u00a0 Docente\u00a0 -Psicolog\u00eda Educacional -Sujeto de la Educaci\u00f3n Primaria -Filosof\u00eda Laura Mar\u00eda G\u00e1mez Camila Monz\u00f3n Mar\u00eda del Carmen Sosa -Lenguajes Art\u00edsticos Integrados\u00a0 Hugo Benitez \u00a0 -Lectura y Escritura Acad\u00e9mica Carlos Alejandro Pioli -Pr\u00e1ctica Docente I Mar\u00eda del Carmen Sosa -Ciencias Sociales -Historia Argentina y Latinoamericana\u00a0 Gustavo Javier Ledesma \u00a0-Ciencias Naturales -Ense\u00f1anza de las &#8230; <a title=\"Docentes\" class=\"read-more\" href=\"https:\/\/ifdcortazar-crr.infd.edu.ar\/sitio\/docentes\/\" aria-label=\"More on Docentes\">[+]<\/a><\/p>\n","protected":false},"author":139,"featured_media":0,"parent":0,"menu_order":0,"comment_status":"closed","ping_status":"closed","template":"","meta":[],"acf":[],"_links":{"self":[{"href":"https:\/\/ifdcortazar-crr.infd.edu.ar\/sitio\/wp-json\/wp\/v2\/pages\/798"}],"collection":[{"href":"https:\/\/ifdcortazar-crr.infd.edu.ar\/sitio\/wp-json\/wp\/v2\/pages"}],"about":[{"href":"https:\/\/ifdcortazar-crr.infd.edu.ar\/sitio\/wp-json\/wp\/v2\/types\/page"}],"author":[{"embeddable":true,"href":"https:\/\/ifdcortazar-crr.infd.edu.ar\/sitio\/wp-json\/wp\/v2\/users\/139"}],"replies":[{"embeddable":true,"href":"https:\/\/ifdcortazar-crr.infd.edu.ar\/sitio\/wp-json\/wp\/v2\/comments?post=798"}],"version-history":[{"count":4,"href":"https:\/\/ifdcortazar-crr.infd.edu.ar\/sitio\/wp-json\/wp\/v2\/pages\/798\/revisions"}],"predecessor-version":[{"id":1031,"href":"https:\/\/ifdcortazar-crr.infd.edu.ar\/sitio\/wp-json\/wp\/v2\/pages\/798\/revisions\/1031"}],"wp:attachment":[{"href":"https:\/\/ifdcortazar-crr.infd.edu.ar\/sitio\/wp-json\/wp\/v2\/media?parent=798"}],"curies":[{"name":"wp","href":"https:\/\/api.w.org\/{rel}","templated":true}]}}